{"id":733,"date":"2025-11-06T04:49:39","date_gmt":"2025-11-06T04:49:39","guid":{"rendered":"https:\/\/pro-aktiv.info\/?page_id=733"},"modified":"2025-11-07T14:12:39","modified_gmt":"2025-11-07T14:12:39","slug":"privatni-treninzi-11","status":"publish","type":"page","link":"https:\/\/pro-aktiv.info\/index.php\/privatni-treninzi-11\/","title":{"rendered":"PRIVATNI TRENINZI"},"content":{"rendered":"\n\n\n\n\n\n\n\n\n\n\n\n\n\n\n\n\n\n\u00a9 {year} {site-name}. Created with \u2764\ufe0f using WordPress and <a target=\"_blank\" href=\"https:\/\/kubiobuilder.com\" rel=\"noreferrer noopener\">Kubio<\/a>\n\n\n\n\n\n\n\n\n<div class=\"wp-block-cover alignfull is-light has-custom-content-position is-position-bottom-center\" style=\"min-height:684px;aspect-ratio:unset;\"><img loading=\"lazy\" decoding=\"async\" width=\"1080\" height=\"1440\" class=\"wp-block-cover__image-background wp-image-785 size-full\" alt=\"\" src=\"https:\/\/pro-aktiv.info\/wp-content\/uploads\/2025\/11\/514253339_122187068132363341_8002751716730266678_n.jpg\" data-object-fit=\"cover\" srcset=\"https:\/\/pro-aktiv.info\/wp-content\/uploads\/2025\/11\/514253339_122187068132363341_8002751716730266678_n.jpg 1080w, https:\/\/pro-aktiv.info\/wp-content\/uploads\/2025\/11\/514253339_122187068132363341_8002751716730266678_n-225x300.jpg 225w, https:\/\/pro-aktiv.info\/wp-content\/uploads\/2025\/11\/514253339_122187068132363341_8002751716730266678_n-768x1024.jpg 768w, https:\/\/pro-aktiv.info\/wp-content\/uploads\/2025\/11\/514253339_122187068132363341_8002751716730266678_n-810x1080.jpg 810w\" sizes=\"auto, (max-width: 1080px) 100vw, 1080px\" \/><span aria-hidden=\"true\" class=\"wp-block-cover__background has-background-dim-60 has-background-dim\" style=\"background-color:#FFF\"><\/span><div class=\"wp-block-cover__inner-container is-layout-flow wp-block-cover-is-layout-flow\">\n<h2 class=\"wp-block-heading alignwide has-text-align-center has-text-color\" style=\"color:#ffe074;font-size:clamp(35.2px, 2.2rem + ((1vw - 3.2px) * 3.273), 64px);\"><mark style=\"background-color:rgba(0, 0, 0, 0)\" class=\"has-inline-color has-kubio-color-6-color\">Kako radimo?<\/mark><\/h2>\n\n\n\n<h3 class=\"wp-block-heading has-text-align-center\"><strong><mark style=\"background-color:rgba(0, 0, 0, 0)\" class=\"has-inline-color has-kubio-color-6-color\">Jednostavno snimi\u0161 video i poka\u017ee\u0161 svoj problem. Nakon toga dobija\u0161 video savjet od mene kako da taj problem rije\u0161i\u0161! <\/mark><\/strong><\/h3>\n\n\n\n<h3 class=\"wp-block-heading has-text-align-center\"><strong><mark style=\"background-color:rgba(0, 0, 0, 0)\" class=\"has-inline-color has-kubio-color-6-color\">Ukoliko se radi o tehnikama jahanja mo\u017eemo raditi i u\u017eivo, a tako\u0111er \u0107e\u0161 od mene dobijati video instrukcije i vidjeti kako to ja radim sa svojim konjem!<\/mark><\/strong><\/h3>\n<\/div><\/div>\n\n\n\n<div class=\"wp-block-group has-kubio-color-5-background-color has-background has-global-padding is-layout-constrained wp-container-core-group-is-layout-28ec3972 wp-block-group-is-layout-constrained\" style=\"border-style:none;border-width:0px;border-radius:0px;padding-top:var(--wp--preset--spacing--80);padding-right:0;padding-bottom:var(--wp--preset--spacing--80);padding-left:0;background-image:url(&apos;https:\/\/pro-aktiv.info\/wp-content\/uploads\/2025\/11\/kubio-image-129.png&apos;);background-position:34% 67%;background-size:cover;\">\n<p class=\"has-text-align-center\"><strong>MO\u017dE\u0160 ME KONTAKTIRATI NA JEDAN OD SLJEDE\u0106IH NA\u010cINA:<\/strong><\/p>\n\n\n\n<div class=\"wp-block-buttons is-content-justification-center is-layout-flex wp-container-core-buttons-is-layout-a89b3969 wp-block-buttons-is-layout-flex\">\n<div class=\"wp-block-button has-custom-width wp-block-button__width-100\"><a class=\"wp-block-button__link wp-element-button\" href=\"http:\/\/wa.me\/38762458100\">WHATSAPP<\/a><\/div>\n\n\n\n<div class=\"wp-block-button has-custom-width wp-block-button__width-100\"><a class=\"wp-block-button__link wp-element-button\" href=\"https:\/\/www.instagram.com\/konjicki_klub_brcko?igsh=anl4bXA4dHN5NGww&amp;utm_source=qr\">INSTAGRAM<\/a><\/div>\n\n\n\n<div class=\"wp-block-button has-custom-width wp-block-button__width-100\"><a class=\"wp-block-button__link wp-element-button\" href=\"https:\/\/www.facebook.com\/alhamsabrcko\/\">FACEBOOK<\/a><\/div>\n\n\n\n<div class=\"wp-block-button has-custom-width wp-block-button__width-100 is-style-fill\"><a class=\"wp-block-button__link wp-element-button\" href=\"mailto:cehic2010@live.com\">E-MAIL<\/a><\/div>\n<\/div>\n<\/div>\n\n\n\n<p class=\"has-large-font-size\"><strong><mark style=\"background-color:rgba(0, 0, 0, 0)\" class=\"has-inline-color has-kubio-color-6-color\">Bilo da ima\u0161 pitanje, \u017eeli\u0161 probni trening ili dogovor oko konja \u2014 odgovaram li\u010dno, bez formulara i \u010dekanja.<\/mark><\/strong><\/p>\n","protected":false},"excerpt":{"rendered":"<p>MO\u017dE\u0160 ME KONTAKTIRATI NA JEDAN OD SLJEDE\u0106IH NA\u010cINA: Bilo da ima\u0161 pitanje, \u017eeli\u0161 probni trening ili dogovor oko konja \u2014 odgovaram li\u010dno, bez formulara i \u010dekanja.<\/p>\n","protected":false},"author":1,"featured_media":0,"parent":0,"menu_order":0,"comment_status":"closed","ping_status":"closed","template":"","meta":{"footnotes":""},"class_list":["post-733","page","type-page","status-publish","hentry"],"_links":{"self":[{"href":"https:\/\/pro-aktiv.info\/index.php\/wp-json\/wp\/v2\/pages\/733","targetHints":{"allow":["GET"]}}],"collection":[{"href":"https:\/\/pro-aktiv.info\/index.php\/wp-json\/wp\/v2\/pages"}],"about":[{"href":"https:\/\/pro-aktiv.info\/index.php\/wp-json\/wp\/v2\/types\/page"}],"author":[{"embeddable":true,"href":"https:\/\/pro-aktiv.info\/index.php\/wp-json\/wp\/v2\/users\/1"}],"replies":[{"embeddable":true,"href":"https:\/\/pro-aktiv.info\/index.php\/wp-json\/wp\/v2\/comments?post=733"}],"version-history":[{"count":0,"href":"https:\/\/pro-aktiv.info\/index.php\/wp-json\/wp\/v2\/pages\/733\/revisions"}],"wp:attachment":[{"href":"https:\/\/pro-aktiv.info\/index.php\/wp-json\/wp\/v2\/media?parent=733"}],"curies":[{"name":"wp","href":"https:\/\/api.w.org\/{rel}","templated":true}]}}