{"id":26,"date":"2025-01-19T20:34:46","date_gmt":"2025-01-19T20:34:46","guid":{"rendered":"https:\/\/pro-aktiv.info\/?page_id=26"},"modified":"2025-11-20T17:33:22","modified_gmt":"2025-11-20T17:33:22","slug":"fitness","status":"publish","type":"page","link":"https:\/\/pro-aktiv.info\/index.php\/fitness\/","title":{"rendered":"FITNESS"},"content":{"rendered":"\n<p><strong>FITNESS I TJELESNA TRANSFORMACIJA<\/strong><\/p>\n\n\n\n<div class=\"wp-block-group alignfull has-global-padding is-layout-constrained wp-block-group-is-layout-constrained\">\n<div class=\"wp-block-group alignfull has-global-padding is-layout-constrained wp-block-group-is-layout-constrained\">\n<div class=\"wp-block-group has-global-padding is-layout-constrained wp-block-group-is-layout-constrained\">\n<figure class=\"wp-block-image alignright size-large is-resized\"><img loading=\"lazy\" decoding=\"async\" width=\"783\" height=\"1024\" src=\"https:\/\/pro-aktiv.info\/wp-content\/uploads\/2025\/01\/IMG_4564-783x1024.jpeg\" alt=\"\" class=\"wp-image-180\" style=\"width:414px;height:auto\" srcset=\"https:\/\/pro-aktiv.info\/wp-content\/uploads\/2025\/01\/IMG_4564-783x1024.jpeg 783w, https:\/\/pro-aktiv.info\/wp-content\/uploads\/2025\/01\/IMG_4564-600x785.jpeg 600w, https:\/\/pro-aktiv.info\/wp-content\/uploads\/2025\/01\/IMG_4564-229x300.jpeg 229w, https:\/\/pro-aktiv.info\/wp-content\/uploads\/2025\/01\/IMG_4564-768x1005.jpeg 768w, https:\/\/pro-aktiv.info\/wp-content\/uploads\/2025\/01\/IMG_4564-1174x1536.jpeg 1174w, https:\/\/pro-aktiv.info\/wp-content\/uploads\/2025\/01\/IMG_4564-826x1080.jpeg 826w, https:\/\/pro-aktiv.info\/wp-content\/uploads\/2025\/01\/IMG_4564.jpeg 1376w\" sizes=\"auto, (max-width: 783px) 100vw, 783px\" \/><\/figure>\n<\/div>\n<\/div>\n<\/div>\n\n\n\n<p class=\"has-text-align-left\"><strong>Mr. Ismail \u010cehi\u0107<br>BODY TRANSFORMATION COACH<\/strong> <span style=\"color:rgba(var(--kubio-color-4),1)\" class=\"kubio-has-inline-color\"><strong><em>Calisthenics Athlete<\/em><\/strong><\/span>    <br><strong><span style=\"color:rgba(var(--kubio-color-6),1)\" class=\"kubio-has-inline-color\">Ekspert<\/span><\/strong> za skidanje tjelesne masti i izgradnju funkcionalnog mi\u0161i\u0107nog tkiva. Kroz dugogodi\u0161nje, me\u0111unarodno iskustvo u <strong>Evropi<\/strong> i <strong>UAE<\/strong> stekao je povjerenje stotina klijenata koji su kroz njegove programe postigli ciljeve. Poznavaoc borila\u010dkih vje\u0161tina (<strong>muay thai i kick boxing<\/strong>), te <strong>certificirani fitness instruktor u evropskom registru fitness profesionalaca<\/strong> <strong><span style=\"color:rgba(var(--kubio-color-1),1)\" class=\"kubio-has-inline-color\">(EQF level 3)<\/span><\/strong>.<\/p>\n\n\n\n<div class=\"wp-block-buttons is-layout-flex wp-block-buttons-is-layout-flex\">\n<div class=\"wp-block-button\"><a class=\"wp-block-button__link wp-element-button\" href=\"https:\/\/fitness.pro-aktiv.info\/\">ProAktiv Fitness link<\/a><\/div>\n<\/div>\n\n\n\n<p><\/p>\n","protected":false},"excerpt":{"rendered":"<p>FITNESS I TJELESNA TRANSFORMACIJA Mr. Ismail \u010cehi\u0107BODY TRANSFORMATION COACH Calisthenics Athlete Ekspert za skidanje tjelesne masti i izgradnju funkcionalnog mi\u0161i\u0107nog tkiva. Kroz dugogodi\u0161nje, me\u0111unarodno iskustvo u Evropi i UAE stekao je povjerenje stotina klijenata koji su kroz njegove programe postigli ciljeve. Poznavaoc borila\u010dkih vje\u0161tina (muay thai i kick boxing), te certificirani fitness instruktor u evropskom [&hellip;]<\/p>\n","protected":false},"author":1,"featured_media":0,"parent":0,"menu_order":0,"comment_status":"closed","ping_status":"closed","template":"","meta":{"footnotes":""},"class_list":["post-26","page","type-page","status-publish","hentry"],"_links":{"self":[{"href":"https:\/\/pro-aktiv.info\/index.php\/wp-json\/wp\/v2\/pages\/26","targetHints":{"allow":["GET"]}}],"collection":[{"href":"https:\/\/pro-aktiv.info\/index.php\/wp-json\/wp\/v2\/pages"}],"about":[{"href":"https:\/\/pro-aktiv.info\/index.php\/wp-json\/wp\/v2\/types\/page"}],"author":[{"embeddable":true,"href":"https:\/\/pro-aktiv.info\/index.php\/wp-json\/wp\/v2\/users\/1"}],"replies":[{"embeddable":true,"href":"https:\/\/pro-aktiv.info\/index.php\/wp-json\/wp\/v2\/comments?post=26"}],"version-history":[{"count":0,"href":"https:\/\/pro-aktiv.info\/index.php\/wp-json\/wp\/v2\/pages\/26\/revisions"}],"wp:attachment":[{"href":"https:\/\/pro-aktiv.info\/index.php\/wp-json\/wp\/v2\/media?parent=26"}],"curies":[{"name":"wp","href":"https:\/\/api.w.org\/{rel}","templated":true}]}}